{"id":387,"date":"2019-04-16T07:35:22","date_gmt":"2019-04-16T06:35:22","guid":{"rendered":"http:\/\/www.windpeds.com\/?page_id=387"},"modified":"2025-04-05T04:58:24","modified_gmt":"2025-04-05T04:58:24","slug":"for-parents","status":"publish","type":"page","link":"https:\/\/www.windpeds.com\/es\/for-parents\/","title":{"rendered":"Para los padres"},"content":{"rendered":"<div id=\"parents\" class=\"vc_row wpb_row vc_row-fluid vc_custom_1555565113175\"><div class=\"wpb_column vc_column_container vc_col-sm-8\"><div class=\"vc_column-inner vc_custom_1555485600502\"><div class=\"wpb_wrapper\">\n\t<div class=\"wpb_text_column wpb_content_element\" >\n\t\t<div class=\"wpb_wrapper\">\n\t\t\t<p>Como padres, especialmente si es su primer hijo, siempre tienen preguntas y preocupaciones. Nuestra secci\u00f3n Para los padres est\u00e1 aqu\u00ed para tratar de ayudar a abordar algunas de las cuestiones m\u00e1s comunes que a menudo nos preguntan como pediatras.<\/p>\n\n\t\t<\/div>\n\t<\/div>\n<div class=\"vc_row wpb_row vc_inner vc_row-fluid vc_custom_1555486219699\"><div class=\"wpb_column vc_column_container vc_col-sm-6\"><div class=\"vc_column-inner\"><div class=\"wpb_wrapper\">\n\t<div class=\"wpb_text_column wpb_content_element  vc_custom_1555486708886\" >\n\t\t<div class=\"wpb_wrapper\">\n\t\t\t<h4 style=\"color: #000; margin-bottom: 15px;\"><a href=\"\/es\/for-parents\/dosage-chart\/\">Tablas de dosificaci\u00f3n<\/a><\/h4>\n<p>Informaci\u00f3n sobre dosis de medicamentos de venta libre m\u00e1s solicitada.<\/p>\n\n\t\t<\/div>\n\t<\/div>\n<\/div><\/div><\/div><div class=\"wpb_column vc_column_container vc_col-sm-6\"><div class=\"vc_column-inner\"><div class=\"wpb_wrapper\">\n\t<div class=\"wpb_text_column wpb_content_element  vc_custom_1555486744530\" >\n\t\t<div class=\"wpb_wrapper\">\n\t\t\t<h4 style=\"color: #000; margin-bottom: 15px;\"><a href=\"\/es\/immunization-schedule\/\">Calendario de vacunaci\u00f3n<\/a><\/h4>\n<p>Una gu\u00eda en l\u00ednea de f\u00e1cil consulta para saber cu\u00e1ndo su hijo necesita vacunas.<\/p>\n\n\t\t<\/div>\n\t<\/div>\n<\/div><\/div><\/div><\/div><div class=\"vc_row wpb_row vc_inner vc_row-fluid vc_custom_1555486231647\"><div class=\"wpb_column vc_column_container vc_col-sm-6\"><div class=\"vc_column-inner\"><div class=\"wpb_wrapper\">\n\t<div class=\"wpb_text_column wpb_content_element  vc_custom_1555486753777\" >\n\t\t<div class=\"wpb_wrapper\">\n\t\t\t<h4 style=\"color: #000; margin-bottom: 15px;\"><a href=\"\/es\/web-resources\/\">Recursos web<\/a><\/h4>\n<p>Enlaces a recursos en l\u00ednea que recomendamos para obtener informaci\u00f3n sobre temas de crianza y salud infantil.<\/p>\n\n\t\t<\/div>\n\t<\/div>\n<\/div><\/div><\/div><div class=\"wpb_column vc_column_container vc_col-sm-6\"><div class=\"vc_column-inner\"><div class=\"wpb_wrapper\"><\/div><\/div><\/div><\/div><\/div><\/div><\/div><div class=\"wpb_column vc_column_container vc_col-sm-4 vc_col-has-fill\"><div class=\"vc_column-inner vc_custom_1555396377184\"><div class=\"wpb_wrapper\">\n\t<div class=\"wpb_text_column wpb_content_element\" >\n\t\t<div class=\"wpb_wrapper\">\n\t\t\t<h2>En esta secci\u00f3n<\/h2>\n<ul class=\"lst_of_left\">\n<li><a href=\"http:\/\/www.windpeds.com\/es\/for-parents\/immunization-schedule\/\">Calendario de vacunaci\u00f3n<\/a><\/li>\n<li><a href=\"http:\/\/www.windpeds.com\/es\/for-parents\/dosage-chart\/\">Tabla de dosificaci\u00f3n<\/a><\/li>\n<li><a href=\"http:\/\/www.windpeds.com\/es\/for-parents\/web-resources\/\">Recursos web<\/a><\/li>\n<\/ul>\n\n\t\t<\/div>\n\t<\/div>\n\n\t<div  class=\"wpb_single_image wpb_content_element vc_align_center  vc_custom_1556283304652\">\n\t\t\n\t\t<figure class=\"wpb_wrapper vc_figure\">\n\t\t\t<div class=\"vc_single_image-wrapper   vc_box_border_grey\"><img loading=\"lazy\" decoding=\"async\" width=\"518\" height=\"311\" src=\"https:\/\/www.windpeds.com\/wp-content\/uploads\/2019\/04\/p1.png\" class=\"vc_single_image-img attachment-full\" alt=\"\" srcset=\"https:\/\/www.windpeds.com\/wp-content\/uploads\/2019\/04\/p1.png 518w, https:\/\/www.windpeds.com\/wp-content\/uploads\/2019\/04\/p1-300x180.png 300w\" sizes=\"auto, (max-width: 518px) 100vw, 518px\" \/><\/div>\n\t\t<\/figure>\n\t<\/div>\n<\/div><\/div><\/div><\/div><div data-vc-full-width=\"true\" data-vc-full-width-init=\"false\" data-vc-stretch-content=\"true\" class=\"vc_row wpb_row vc_row-fluid vc_row-no-padding\"><div class=\"wpb_column vc_column_container vc_col-sm-12\"><div class=\"vc_column-inner\"><div class=\"wpb_wrapper\"><div class=\"wpb_gmaps_widget wpb_content_element\" >\n\t\t<div class=\"wpb_wrapper\">\n\t\t<div class=\"wpb_map_wraper\">\n\t\t\t<iframe loading=\"lazy\" src=\"https:\/\/www.google.com\/maps\/embed?pb=!1m18!1m12!1m3!1d3506.0553980278264!2d-81.48914198544327!3d28.507980946459128!2m3!1f0!2f0!3f0!3m2!1i1024!2i768!4f13.1!3m3!1m2!1s0x88e77920f35029bf%3A0x1076b058f57e088c!2sWindermere+Pediatrics!5e0!3m2!1sen!2sin!4v1555405694422!5m2!1sen!2sin\" width=\"100%\" height=\"350\" frameborder=\"0\" style=\"border:0\" allowfullscreen><\/iframe>\t\t<\/div>\n\t<\/div>\n<\/div>\n<\/div><\/div><\/div><\/div><div class=\"vc_row-full-width vc_clearfix\"><\/div><div id=\"footer\" data-vc-full-width=\"true\" data-vc-full-width-init=\"false\" class=\"vc_row wpb_row vc_row-fluid ft_menu vc_custom_1555396901322 vc_row-has-fill\"><div class=\"wpb_column vc_column_container vc_col-sm-12\"><div class=\"vc_column-inner\"><div class=\"wpb_wrapper\"><div  class=\"vc_wp_custommenu wpb_content_element\"><div class=\"widget widget_nav_menu\"><div class=\"menu-footer-menu-container\"><ul id=\"menu-footer-menu\" class=\"menu\"><li id=\"menu-item-329\" class=\"menu-item menu-item-type-post_type menu-item-object-page menu-item-home menu-item-329\"><a href=\"https:\/\/www.windpeds.com\/es\/\">Inicio<\/a><\/li>\n<li id=\"menu-item-326\" class=\"menu-item menu-item-type-post_type menu-item-object-page menu-item-326\"><a href=\"https:\/\/www.windpeds.com\/es\/meet-us\/\">Con\u00f3zcanos<\/a><\/li>\n<li id=\"menu-item-417\" class=\"menu-item menu-item-type-post_type menu-item-object-page menu-item-417\"><a href=\"https:\/\/www.windpeds.com\/es\/our-office\/\">Nuestra oficina<\/a><\/li>\n<li id=\"menu-item-418\" class=\"menu-item menu-item-type-post_type menu-item-object-page menu-item-418\"><a href=\"https:\/\/www.windpeds.com\/es\/for-parents\/\">Para los padres<\/a><\/li>\n<li id=\"menu-item-456\" class=\"menu-item menu-item-type-post_type menu-item-object-page menu-item-456\"><a href=\"https:\/\/www.windpeds.com\/es\/expecting\/\">Esperando<\/a><\/li>\n<li id=\"menu-item-455\" class=\"menu-item menu-item-type-post_type menu-item-object-page menu-item-455\"><a href=\"https:\/\/www.windpeds.com\/es\/whats-new\/\">Novedades<\/a><\/li>\n<li id=\"menu-item-497\" class=\"menu-item menu-item-type-post_type menu-item-object-page menu-item-497\"><a href=\"https:\/\/www.windpeds.com\/es\/contact-us\/\">P\u00f3ngase en contacto con nosotros<\/a><\/li>\n<\/ul><\/div><\/div><\/div><\/div><\/div><\/div><\/div><div class=\"vc_row-full-width vc_clearfix\"><\/div>","protected":false},"excerpt":{"rendered":"As parents, especially if this is your first child, you always have questions and concerns. Our For Parents section is here to try and help address some of the more common issues we are often asked as pediatricians. Dosage Charts Commonly requested dosage information for over the counter medications. Immunization Schedule An easy to reference [...]","protected":false},"author":4,"featured_media":0,"parent":0,"menu_order":0,"comment_status":"closed","ping_status":"closed","template":"","meta":{"om_disable_all_campaigns":false,"_monsterinsights_skip_tracking":false,"_monsterinsights_sitenote_active":false,"_monsterinsights_sitenote_note":"","_monsterinsights_sitenote_category":0,"_metasync_otto_title":"","_metasync_otto_description":"","_metasync_otto_keywords":"","_metasync_otto_og_title":"","_metasync_otto_og_description":"","_metasync_otto_twitter_title":"","_metasync_otto_twitter_description":"","rank_math_title":"","rank_math_description":"","_yoast_wpseo_title":"Resources for Parents at Windermere Pediatrics Orlando","_yoast_wpseo_metadesc":"Find essential parenting resources at Windermere Pediatrics. Get expert guidance on child health care, pediatric check-ups, and infant wellness in Orlando.","_aioseo_title":"","_aioseo_description":"","footnotes":""},"class_list":["post-387","page","type-page","status-publish","hentry"],"aioseo_notices":[],"_links":{"self":[{"href":"https:\/\/www.windpeds.com\/es\/wp-json\/wp\/v2\/pages\/387","targetHints":{"allow":["GET"]}}],"collection":[{"href":"https:\/\/www.windpeds.com\/es\/wp-json\/wp\/v2\/pages"}],"about":[{"href":"https:\/\/www.windpeds.com\/es\/wp-json\/wp\/v2\/types\/page"}],"author":[{"embeddable":true,"href":"https:\/\/www.windpeds.com\/es\/wp-json\/wp\/v2\/users\/4"}],"replies":[{"embeddable":true,"href":"https:\/\/www.windpeds.com\/es\/wp-json\/wp\/v2\/comments?post=387"}],"version-history":[{"count":0,"href":"https:\/\/www.windpeds.com\/es\/wp-json\/wp\/v2\/pages\/387\/revisions"}],"wp:attachment":[{"href":"https:\/\/www.windpeds.com\/es\/wp-json\/wp\/v2\/media?parent=387"}],"curies":[{"name":"wp","href":"https:\/\/api.w.org\/{rel}","templated":true}]}}